{"id":14,"date":"2014-06-04T11:10:13","date_gmt":"2014-06-04T11:10:13","guid":{"rendered":"http:\/\/www.nuuktaxi.gl\/?page_id=14"},"modified":"2014-06-06T11:59:21","modified_gmt":"2014-06-06T11:59:21","slug":"autobooking","status":"publish","type":"page","link":"http:\/\/www.nuuktaxi.gl\/?page_id=14","title":{"rendered":"Autobooking"},"content":{"rendered":"<p>Som erhvervskunde f\u00e5r du ogs\u00e5 et ogs\u00e5 et tilbud om <strong>autobooking<\/strong> (Tast Din Taxa).<\/p>\n<p>Den fungerer ved at du ringer til en bestemt telefonnummer og med den kode du f\u00e5r tildelt, bestiller en vogn til den adresse koden er knyttet til.<\/p>\n<p>Den helt store fordel ved autobooking er at du undg\u00e5r un\u00f8dig ventetid i telefonen og springer over en eventuel telefon k\u00f8.<\/p>\n<p>Denne ydelse f\u00e5rs ved at maile til <a href=\"mailto:kontor@363636.gl\">kontor@363636.gl<\/a> med angivelse af adressen, hvortil vognen skal sendes og der vil blive sendt et brev med en kode, som kan bruges til den konkrete adresse.<\/p>\n<p>Et firma kan have flere adresser og dermed ogs\u00e5 flere koder.<\/p>\n<p>Der er endvidere mulighed for at f\u00e5 sat forskellige muligheder ind, som f.eks. at kontonummeret automatisk kommer p\u00e5, s\u00e5 man er fri for at have sit kontokort med.<\/p>\n<p><img loading=\"lazy\" decoding=\"async\" class=\"alignnone wp-image-68 size-medium\" src=\"http:\/\/www.nuuktaxi.gl\/wp-content\/uploads\/2014\/06\/Taxi-Serv-300x147.jpg\" alt=\"Taxi-Serv\" width=\"300\" height=\"147\" srcset=\"http:\/\/www.nuuktaxi.gl\/wp-content\/uploads\/2014\/06\/Taxi-Serv-300x147.jpg 300w, http:\/\/www.nuuktaxi.gl\/wp-content\/uploads\/2014\/06\/Taxi-Serv-220x108.jpg 220w, http:\/\/www.nuuktaxi.gl\/wp-content\/uploads\/2014\/06\/Taxi-Serv.jpg 400w\" sizes=\"auto, (max-width: 300px) 100vw, 300px\" \/><\/p>\n","protected":false},"excerpt":{"rendered":"<p>Som erhvervskunde f\u00e5r du ogs\u00e5 et ogs\u00e5 et tilbud om autobooking (Tast Din Taxa). Den fungerer ved at du ringer til en bestemt telefonnummer og med den kode du f\u00e5r tildelt, bestiller en vogn til den adresse koden er knyttet til. Den helt store fordel ved autobooking er at du undg\u00e5r un\u00f8dig ventetid i telefonen [&hellip;]<\/p>\n","protected":false},"author":1,"featured_media":0,"parent":8,"menu_order":5,"comment_status":"closed","ping_status":"closed","template":"","meta":{"footnotes":""},"class_list":["post-14","page","type-page","status-publish","hentry"],"_links":{"self":[{"href":"http:\/\/www.nuuktaxi.gl\/index.php?rest_route=\/wp\/v2\/pages\/14","targetHints":{"allow":["GET"]}}],"collection":[{"href":"http:\/\/www.nuuktaxi.gl\/index.php?rest_route=\/wp\/v2\/pages"}],"about":[{"href":"http:\/\/www.nuuktaxi.gl\/index.php?rest_route=\/wp\/v2\/types\/page"}],"author":[{"embeddable":true,"href":"http:\/\/www.nuuktaxi.gl\/index.php?rest_route=\/wp\/v2\/users\/1"}],"replies":[{"embeddable":true,"href":"http:\/\/www.nuuktaxi.gl\/index.php?rest_route=%2Fwp%2Fv2%2Fcomments&post=14"}],"version-history":[{"count":2,"href":"http:\/\/www.nuuktaxi.gl\/index.php?rest_route=\/wp\/v2\/pages\/14\/revisions"}],"predecessor-version":[{"id":69,"href":"http:\/\/www.nuuktaxi.gl\/index.php?rest_route=\/wp\/v2\/pages\/14\/revisions\/69"}],"up":[{"embeddable":true,"href":"http:\/\/www.nuuktaxi.gl\/index.php?rest_route=\/wp\/v2\/pages\/8"}],"wp:attachment":[{"href":"http:\/\/www.nuuktaxi.gl\/index.php?rest_route=%2Fwp%2Fv2%2Fmedia&parent=14"}],"curies":[{"name":"wp","href":"https:\/\/api.w.org\/{rel}","templated":true}]}}