{"id":2,"date":"2014-06-04T10:44:18","date_gmt":"2014-06-04T10:44:18","guid":{"rendered":"http:\/\/www.nuuktaxi.gl\/?page_id=2"},"modified":"2016-09-30T13:10:23","modified_gmt":"2016-09-30T13:10:23","slug":"sample-page","status":"publish","type":"page","link":"http:\/\/www.nuuktaxi.gl\/","title":{"rendered":"Forside"},"content":{"rendered":"<p>Vognbestilling kan ske fra 3 numre og via mail og for at optimere vores service overfor kunderne og fors\u00f8ge at udnytte hyrevognene bedst muligt, har du f\u00f8lgende numre du kan v\u00e6lge afh\u00e6ngig af, hvor du er n\u00e5r du bestiller vognen:<\/p>\n<p><strong>Hovednummer 36 36 36<\/strong><\/p>\n<p><strong>Er du p\u00e5 Nuussuaq 36 36 00<\/strong><\/p>\n<p><strong>Er du i Qinngorput 36 36 02<\/strong><\/p>\n<p>Forudbestilling af taxa kan ske p\u00e5 \/\u00a0<strong>PRE BOOK your taxi here:\u00a0<a href=\"mailto:taxa@363636.gl\">taxa@363636.gl<\/a><\/strong><a href=\"mailto:taxa@363636.gl\"><br \/>\n<\/a><\/p>\n<p>Vi ser frem til at modtage dig som kunde.<\/p>\n<p>&nbsp;<\/p>\n<p>Se vores nye reklame film her:<\/p>\n<p><b><a href=\"http:\/\/profilfilm2.nord-ad.dk\/Vis.aspx?id=3226\">http:\/\/profilfilm2.nord-ad.dk\/Vis.aspx?id=3226<\/a><\/b><\/p>\n<p>&nbsp;<\/p>\n<p>Du kan nu ogs\u00e5 f\u00f8lgeos p\u00e5 facebook her:<\/p>\n<p><a href=\"https:\/\/www.facebook.com\/pages\/Nuuk-Taxi-AS-Gr\u00f8nlands-bedste-og-st\u00f8rste-taxaselskab\/183454288337997?notif_t=fbpage_fan_invite\" target=\"_blank\"><img loading=\"lazy\" decoding=\"async\" class=\"alignnone wp-image-84\" src=\"http:\/\/www.nuuktaxi.gl\/wp-content\/uploads\/2014\/06\/facebook-logo-300x300.jpg\" alt=\"facebook-logo\" width=\"81\" height=\"81\" srcset=\"http:\/\/www.nuuktaxi.gl\/wp-content\/uploads\/2014\/06\/facebook-logo-300x300.jpg 300w, http:\/\/www.nuuktaxi.gl\/wp-content\/uploads\/2014\/06\/facebook-logo-150x150.jpg 150w, http:\/\/www.nuuktaxi.gl\/wp-content\/uploads\/2014\/06\/facebook-logo-100x100.jpg 100w, http:\/\/www.nuuktaxi.gl\/wp-content\/uploads\/2014\/06\/facebook-logo-50x50.jpg 50w, http:\/\/www.nuuktaxi.gl\/wp-content\/uploads\/2014\/06\/facebook-logo-220x220.jpg 220w, http:\/\/www.nuuktaxi.gl\/wp-content\/uploads\/2014\/06\/facebook-logo.jpg 350w\" sizes=\"auto, (max-width: 81px) 100vw, 81px\" \/><\/a><\/p>\n","protected":false},"excerpt":{"rendered":"<p>Vognbestilling kan ske fra 3 numre og via mail og for at optimere vores service overfor kunderne og fors\u00f8ge at udnytte hyrevognene bedst muligt, har du f\u00f8lgende numre du kan v\u00e6lge afh\u00e6ngig af, hvor du er n\u00e5r du bestiller vognen: Hovednummer 36 36 36 Er du p\u00e5 Nuussuaq 36 36 00 Er du i Qinngorput [&hellip;]<\/p>\n","protected":false},"author":1,"featured_media":0,"parent":0,"menu_order":0,"comment_status":"closed","ping_status":"closed","template":"","meta":{"footnotes":""},"class_list":["post-2","page","type-page","status-publish","hentry"],"_links":{"self":[{"href":"http:\/\/www.nuuktaxi.gl\/index.php?rest_route=\/wp\/v2\/pages\/2","targetHints":{"allow":["GET"]}}],"collection":[{"href":"http:\/\/www.nuuktaxi.gl\/index.php?rest_route=\/wp\/v2\/pages"}],"about":[{"href":"http:\/\/www.nuuktaxi.gl\/index.php?rest_route=\/wp\/v2\/types\/page"}],"author":[{"embeddable":true,"href":"http:\/\/www.nuuktaxi.gl\/index.php?rest_route=\/wp\/v2\/users\/1"}],"replies":[{"embeddable":true,"href":"http:\/\/www.nuuktaxi.gl\/index.php?rest_route=%2Fwp%2Fv2%2Fcomments&post=2"}],"version-history":[{"count":6,"href":"http:\/\/www.nuuktaxi.gl\/index.php?rest_route=\/wp\/v2\/pages\/2\/revisions"}],"predecessor-version":[{"id":96,"href":"http:\/\/www.nuuktaxi.gl\/index.php?rest_route=\/wp\/v2\/pages\/2\/revisions\/96"}],"wp:attachment":[{"href":"http:\/\/www.nuuktaxi.gl\/index.php?rest_route=%2Fwp%2Fv2%2Fmedia&parent=2"}],"curies":[{"name":"wp","href":"https:\/\/api.w.org\/{rel}","templated":true}]}}