{"id":6,"date":"2014-06-04T11:08:15","date_gmt":"2014-06-04T11:08:15","guid":{"rendered":"http:\/\/www.nuuktaxi.gl\/?page_id=6"},"modified":"2014-06-06T13:12:05","modified_gmt":"2014-06-06T13:12:05","slug":"kundeinformation","status":"publish","type":"page","link":"http:\/\/www.nuuktaxi.gl\/?page_id=6","title":{"rendered":"Kundeinformation"},"content":{"rendered":"<p><strong>Det skal v\u00e6re nemt at v\u00e6re kunde hos Nuuk Taxi &#8211; l\u00e6s mere om hvordan.<\/strong><\/p>\n<p>Nuuk Taxi A\/S har en bred vifte af taxiprodukter, der im\u00f8dekommer forskellige behov for transport.<\/p>\n<p>Ved almindelig taxik\u00f8rsel l\u00e6gger vi v\u00e6gt p\u00e5 nem og hurtig levering.<\/p>\n<p>\u00d8nsker du varer bragt &#8211; har du k\u00e6ledyr med &#8211; har du brug for en stor vogn, kan der g\u00e5 lidt l\u00e6ngere tid, men vi g\u00f8r hvad vi kan for at efterkomme dit \u00f8nske, s\u00e5 hurtigt som muligt.<\/p>\n<p>Vi synes det skal v\u00e6re nemt at v\u00e6re kunde hos Nuuk Taxi og har derfor s\u00e6rlige tilbud om betaling via kontokort samt bestilling af taxa via autobooking.<\/p>\n<p>Under Kontokort for privatkunder samt Information til erhvervskunder, kan du l\u00e6se lidt om vores tilbud.<\/p>\n<p>Som noget ganske nyt, ikke blot i Nuuk, men i hele Gr\u00f8nland, giver vi nu mulighed for at bestille taxa via mail.<\/p>\n<p>Kig p\u00e5 siden <a href=\"http:\/\/www.nuuktaxi.gl\/?page_id=8\">Bestilling af taxa.<\/a><\/p>\n<p><img loading=\"lazy\" decoding=\"async\" class=\"alignnone wp-image-61 size-full\" src=\"http:\/\/www.nuuktaxi.gl\/wp-content\/uploads\/2014\/06\/services.jpg\" alt=\"services\" width=\"420\" height=\"280\" srcset=\"http:\/\/www.nuuktaxi.gl\/wp-content\/uploads\/2014\/06\/services.jpg 420w, http:\/\/www.nuuktaxi.gl\/wp-content\/uploads\/2014\/06\/services-300x200.jpg 300w, http:\/\/www.nuuktaxi.gl\/wp-content\/uploads\/2014\/06\/services-220x146.jpg 220w\" sizes=\"auto, (max-width: 420px) 100vw, 420px\" \/><\/p>\n","protected":false},"excerpt":{"rendered":"<p>Det skal v\u00e6re nemt at v\u00e6re kunde hos Nuuk Taxi &#8211; l\u00e6s mere om hvordan. Nuuk Taxi A\/S har en bred vifte af taxiprodukter, der im\u00f8dekommer forskellige behov for transport. Ved almindelig taxik\u00f8rsel l\u00e6gger vi v\u00e6gt p\u00e5 nem og hurtig levering. \u00d8nsker du varer bragt &#8211; har du k\u00e6ledyr med &#8211; har du brug for [&hellip;]<\/p>\n","protected":false},"author":1,"featured_media":0,"parent":0,"menu_order":1,"comment_status":"closed","ping_status":"closed","template":"","meta":{"footnotes":""},"class_list":["post-6","page","type-page","status-publish","hentry"],"_links":{"self":[{"href":"http:\/\/www.nuuktaxi.gl\/index.php?rest_route=\/wp\/v2\/pages\/6","targetHints":{"allow":["GET"]}}],"collection":[{"href":"http:\/\/www.nuuktaxi.gl\/index.php?rest_route=\/wp\/v2\/pages"}],"about":[{"href":"http:\/\/www.nuuktaxi.gl\/index.php?rest_route=\/wp\/v2\/types\/page"}],"author":[{"embeddable":true,"href":"http:\/\/www.nuuktaxi.gl\/index.php?rest_route=\/wp\/v2\/users\/1"}],"replies":[{"embeddable":true,"href":"http:\/\/www.nuuktaxi.gl\/index.php?rest_route=%2Fwp%2Fv2%2Fcomments&post=6"}],"version-history":[{"count":5,"href":"http:\/\/www.nuuktaxi.gl\/index.php?rest_route=\/wp\/v2\/pages\/6\/revisions"}],"predecessor-version":[{"id":70,"href":"http:\/\/www.nuuktaxi.gl\/index.php?rest_route=\/wp\/v2\/pages\/6\/revisions\/70"}],"wp:attachment":[{"href":"http:\/\/www.nuuktaxi.gl\/index.php?rest_route=%2Fwp%2Fv2%2Fmedia&parent=6"}],"curies":[{"name":"wp","href":"https:\/\/api.w.org\/{rel}","templated":true}]}}