{"id":8,"date":"2014-06-04T11:08:52","date_gmt":"2014-06-04T11:08:52","guid":{"rendered":"http:\/\/www.nuuktaxi.gl\/?page_id=8"},"modified":"2014-06-06T11:55:55","modified_gmt":"2014-06-06T11:55:55","slug":"bestilling-af-taxa","status":"publish","type":"page","link":"http:\/\/www.nuuktaxi.gl\/?page_id=8","title":{"rendered":"Bestilling af taxa"},"content":{"rendered":"<p>N\u00e5r du <strong>bestiller taxa<\/strong> sker det normalt ved at ringe til os p\u00e5 36 36 36.<\/p>\n<p>Som en <strong>ekstra service<\/strong> til dig, har vi 2 andre numre du kan ringe til.<\/p>\n<p>Ringer du fra Nuussuaq, kan du ringe til 36 36 00<\/p>\n<p>Ringer du fra Qinngorput kan du ringe til 36 36 02.<\/p>\n<p><img loading=\"lazy\" decoding=\"async\" class=\"alignnone wp-image-64 size-medium\" src=\"http:\/\/www.nuuktaxi.gl\/wp-content\/uploads\/2014\/06\/1-300x140.jpg\" alt=\"1\" width=\"300\" height=\"140\" srcset=\"http:\/\/www.nuuktaxi.gl\/wp-content\/uploads\/2014\/06\/1-300x140.jpg 300w, http:\/\/www.nuuktaxi.gl\/wp-content\/uploads\/2014\/06\/1-220x102.jpg 220w, http:\/\/www.nuuktaxi.gl\/wp-content\/uploads\/2014\/06\/1.jpg 400w\" sizes=\"auto, (max-width: 300px) 100vw, 300px\" \/><\/p>\n<p>Fra sv\u00f8mmehallen Malik kan du bruge vores <strong>direkte linie<\/strong>, hvor du blot skal l\u00f8fte r\u00f8ret for at komme i kontakt med os.<\/p>\n<p><strong>Som noget helt nyt, kan du ogs\u00e5 maile<\/strong> til <a href=\"mailto:taxa@363636.gl\">taxa@363636.gl<\/a> og bestille en vogn. Dette skal dog g\u00f8res mindst 2 timer f\u00f8r du \u00f8nsker vognen og straks vi har modtaget og l\u00e6st mailen, vil der blive sendt en bekr\u00e6ftelse til dig. Skriv gerne telefonnummer med, s\u00e5 du kan kontaktes hvis der er problemer.<\/p>\n<p><strong>Forudbestilling af taxa<\/strong> kan v\u00e6re meget praktisk, hvis du skal hjemmefra p\u00e5 et bestemt tidspunkt. S\u00e6rligt om morgenen, ved d\u00e5rligt vejr og ved l\u00f8nudbetalinger er der mange der \u00f8nsker at k\u00f8re med os p\u00e5 samme tidspunkt, s\u00e5 her er det en fordel for dig, p\u00e5 forh\u00e5nd at have bestilt en taxa. Skal du f.eks. med flyveren n\u00e6ste dag og ikke kan komme igennem vores hovednummer med din bestilling er du velkommen til at ringe p\u00e5 vores andre numre.<\/p>\n<p>For vores <strong>erhvervskunder<\/strong> har vi en s\u00e6rlig ordning med autobooking (Tast Din Taxa). Her skal der mailes til <a href=\"mailto:kontor@363636.gl\">kontor@363636.gl<\/a> med beskrivelse af adressen, hvortil vognen skal sendes og der vil blive sendt et brev med en kode, som kan bruges til den konkrete adresse. Et firma kan have flere adresser og dermed ogs\u00e5 flere koder.<\/p>\n<p>Der er endvidere mulighed for at f\u00e5 sat forskellige muligheder ind, som f.eks. at kontonummeret automatisk kommer p\u00e5, s\u00e5 man er fri for at have sit kontokort med.<\/p>\n","protected":false},"excerpt":{"rendered":"<p>N\u00e5r du bestiller taxa sker det normalt ved at ringe til os p\u00e5 36 36 36. Som en ekstra service til dig, har vi 2 andre numre du kan ringe til. Ringer du fra Nuussuaq, kan du ringe til 36 36 00 Ringer du fra Qinngorput kan du ringe til 36 36 02. Fra sv\u00f8mmehallen [&hellip;]<\/p>\n","protected":false},"author":1,"featured_media":0,"parent":0,"menu_order":2,"comment_status":"closed","ping_status":"closed","template":"","meta":{"footnotes":""},"class_list":["post-8","page","type-page","status-publish","hentry"],"_links":{"self":[{"href":"http:\/\/www.nuuktaxi.gl\/index.php?rest_route=\/wp\/v2\/pages\/8","targetHints":{"allow":["GET"]}}],"collection":[{"href":"http:\/\/www.nuuktaxi.gl\/index.php?rest_route=\/wp\/v2\/pages"}],"about":[{"href":"http:\/\/www.nuuktaxi.gl\/index.php?rest_route=\/wp\/v2\/types\/page"}],"author":[{"embeddable":true,"href":"http:\/\/www.nuuktaxi.gl\/index.php?rest_route=\/wp\/v2\/users\/1"}],"replies":[{"embeddable":true,"href":"http:\/\/www.nuuktaxi.gl\/index.php?rest_route=%2Fwp%2Fv2%2Fcomments&post=8"}],"version-history":[{"count":4,"href":"http:\/\/www.nuuktaxi.gl\/index.php?rest_route=\/wp\/v2\/pages\/8\/revisions"}],"predecessor-version":[{"id":66,"href":"http:\/\/www.nuuktaxi.gl\/index.php?rest_route=\/wp\/v2\/pages\/8\/revisions\/66"}],"wp:attachment":[{"href":"http:\/\/www.nuuktaxi.gl\/index.php?rest_route=%2Fwp%2Fv2%2Fmedia&parent=8"}],"curies":[{"name":"wp","href":"https:\/\/api.w.org\/{rel}","templated":true}]}}